{"id":737,"date":"2022-02-28T10:31:36","date_gmt":"2022-02-28T08:31:36","guid":{"rendered":"https:\/\/naxosrentcar.gr\/terms-and-conditions\/"},"modified":"2024-02-05T16:43:24","modified_gmt":"2024-02-05T14:43:24","slug":"terms-and-conditions","status":"publish","type":"page","link":"https:\/\/naxosrentcar.gr\/it\/terms-and-conditions\/","title":{"rendered":"TERMINI E CONDIZIONI"},"content":{"rendered":"\n<p>1. <strong>DRIVING SPOT RENT A CAR<\/strong>, con la presente, noleggia al cliente sottoscritto il veicolo descritto nella prima pagina del presente accordo. I termini e le condizioni contenuti nel presente accordo sono stati letti e accettati dal cliente firmato.<\/p>\n\n\n\n<p>2. Solo la persona \/ le persone indicate nell\u2019accordo saranno autorizzate a guidare il \/ i veicolo \/ i.<\/p>\n\n\n\n<p>3. Il cliente si conforma qui che prima di prendere in consegna il veicolo (i) lo ha esaminato e trovato senza alcun difetto, ad eccezione di quelli indicati nelle osservazioni (prima pagina).<\/p>\n\n\n\n<p>4. Il cliente si impegna a prendersi cura del veicolo, controllando olio, acqua, pressione dei pneumatici e tutto il necessario per la buona manutenzione del veicolo anche se non \u00e8 in uso.<\/p>\n\n\n\n<p>5. Il cliente che desidera rimuovere il veicolo dall\u2019isola deve avere un accordo scritto dal noleggiatore.<\/p>\n\n\n\n<p>6. Il cliente restituir\u00e0 il veicolo in questione con tutti gli strumenti, gli accessori e le attrezzature alla localita\u2019 di consegna nel luogo in cui il veicolo \u00e8 stato ritirato o come diversamente specificato nelle pagine sottoscritte del contratto. Il prolungamento del periodo di noleggio \u00e8 sotto l\u2019approvazione del noleggiatore. Ogni ora in eccesso \u00e8 calcolata a \u00bc di noleggio della tariffa giornaliera.<\/p>\n\n\n\n<p>7. In caso di avaria o danni meccanici, il cliente \u00e8 responsabile del trasporto del veicolo all\u2019autofficina. Se ci\u00f2 non \u00e8 possibile, il noleggiatore deve essere informato della posizione esatta e organizzer\u00e0 il ritiro dell\u2019auto per cui il cliente \u00e8 tenuto a pagare. Al cliente verranno inoltre addebitati eventuali danni che si verificano al veicolo (i) tra cui forature.<\/p>\n\n\n\n<p>8. il cliente responsabile di un incidente o di un danno al veicolo deve pagare al noleggiatore l\u2019importo concordato giornaliero corrispondente per i giorni in cui il veicolo \u00e8 immobilizzato.<\/p>\n\n\n\n<p>9. Tutte le multe e le spese giudiziarie per il parcheggio, violazioni del traffico o altre violazioni legali accertate ai danni del noleggiatore del veicolo durante questo accordo, sono a carico del cliente.<\/p>\n\n\n\n<p>10. il noleggiatore si riserva il diritto di recedere dal contratto del veicolo in qualsiasi momento e senza preavviso, a spese del cliente, se il veicolo viene utilizzato in violazione del presente accordo.<\/p>\n\n\n\n<p>11. Solo le persone indicate nell\u2019accordo saranno autorizzate a guidare l\u2019auto. L\u2019auto non verr\u00e0 utilizzata:<\/p>\n\n\n\n<ul class=\"wp-block-list\">\n<li>per il trasporto a pagamento<\/li>\n\n\n\n<li>per spingere o abbassare qualsiasi veicolo o trasporto<\/li>\n\n\n\n<li>per gare di velocita\u2019<\/li>\n\n\n\n<li>da qualsiasi persona sotto l\u2019influenza di sostanze tossiche o stupefacenti<\/li>\n\n\n\n<li>per trasportare passeggeri in eccesso rispetto alla rispettiva capacit\u00e0 di seduta<\/li>\n\n\n\n<li>su una strada non asfaltata<\/li>\n\n\n\n<li>da qualsiasi persona senza previa autorizzazione del noleggiatore<\/li>\n\n\n\n<li>da chiunque di et\u00e0 inferiore a 23 anni o da un conducente senza patente.<\/li>\n<\/ul>\n\n\n\n<p>12. <strong>DRIVING SPOT RENT A CAR<\/strong> o le sue filiali non sono in grado di noleggiare o trasportare passeggeri per alcun tipo di incidente causato da guasti meccanici o incidenti.<\/p>\n\n\n\n<p>13. Le nostre auto sono coperte da Assicurazione Terzi (compresi i passeggeri dei nostri veicoli) per morte, lesioni o danni in modo adeguato, secondo le norme assicurative. L\u2019assicurazione completa \u00e8 disponibile con un costo aggiuntivo. La nostra assicurazione non copre il furto. Al cliente verranno addebitate le spese per il veicolo in caso di furto. La copertura non viene fornita:<br>a) se un guidatore non autorizzato sta guidando l\u2019automobile noleggiata<br>b) per lesioni personali o danni causati al conducente dell\u2019auto<br>c) per danni o furto del bagaglio e altri oggetti lasciati nell\u2019auto .<\/p>\n\n\n\n<p>14. \u00c8 vietato parcheggiare o attendere lungo la strada principale di Naxos Town. Si prega di utilizzare le aree di parcheggio gratuite o a pagamento.<\/p>\n\n\n\n<p>15. In caso di differenza tra le parti contraenti, saranno competenti solo i tribunali greci.<\/p>\n\n\n\n<p>16. Solo 4\/5 persone possono stare a bordo del veicolo. I veicoli possono essere guidati solo su strade asfaltate (tranne 4 \u00d7 4). Qualsiasi tipo di veicolo non deve essere guidato su sabbia, sulla spiaggia e su laghi asciutti.<\/p>\n\n\n\n<p>17. Non esiste alcuna copertura assicurativa se il conducente \u00e8 sotto l\u2019effetto di alcol o di qualsiasi tipo di droga o in caso di violazione delle regole di guida (velocit\u00e0, limite e.t.c.\u00ac)<\/p>\n\n\n\n<p>18. \u039del caso di restituzione di un veicolo prima del completamento del periodo di noleggio, non verra\u2019 rimborsata alcuna somma.<\/p>\n","protected":false},"excerpt":{"rendered":"<p>1. DRIVING SPOT RENT A CAR, con la presente, noleggia al cliente sottoscritto il veicolo descritto nella prima pagina del presente accordo. I termini e le condizioni contenuti nel presente accordo sono stati letti e accettati dal cliente firmato. 2. Solo la persona \/ le persone indicate nell\u2019accordo saranno autorizzate a guidare il \/ i [&hellip;]<\/p>\n","protected":false},"author":1,"featured_media":0,"parent":0,"menu_order":0,"comment_status":"closed","ping_status":"open","template":"","meta":{"_acf_changed":false,"inline_featured_image":false,"footnotes":""},"class_list":["post-737","page","type-page","status-publish","hentry"],"acf":[],"_links":{"self":[{"href":"https:\/\/naxosrentcar.gr\/it\/wp-json\/wp\/v2\/pages\/737","targetHints":{"allow":["GET"]}}],"collection":[{"href":"https:\/\/naxosrentcar.gr\/it\/wp-json\/wp\/v2\/pages"}],"about":[{"href":"https:\/\/naxosrentcar.gr\/it\/wp-json\/wp\/v2\/types\/page"}],"author":[{"embeddable":true,"href":"https:\/\/naxosrentcar.gr\/it\/wp-json\/wp\/v2\/users\/1"}],"replies":[{"embeddable":true,"href":"https:\/\/naxosrentcar.gr\/it\/wp-json\/wp\/v2\/comments?post=737"}],"version-history":[{"count":1,"href":"https:\/\/naxosrentcar.gr\/it\/wp-json\/wp\/v2\/pages\/737\/revisions"}],"predecessor-version":[{"id":741,"href":"https:\/\/naxosrentcar.gr\/it\/wp-json\/wp\/v2\/pages\/737\/revisions\/741"}],"wp:attachment":[{"href":"https:\/\/naxosrentcar.gr\/it\/wp-json\/wp\/v2\/media?parent=737"}],"curies":[{"name":"wp","href":"https:\/\/api.w.org\/{rel}","templated":true}]}}